{"id":14,"date":"2015-01-02T12:08:00","date_gmt":"2015-01-02T11:08:00","guid":{"rendered":"http:\/\/sy-mora.de\/?page_id=14"},"modified":"2015-01-06T00:01:22","modified_gmt":"2015-01-05T23:01:22","slug":"mora","status":"publish","type":"page","link":"https:\/\/sy-mora.de\/?page_id=14","title":{"rendered":"mora"},"content":{"rendered":"<p><img loading=\"lazy\" decoding=\"async\" class=\"aligncenter size-large wp-image-58\" src=\"https:\/\/sy-mora.de\/wp-content\/uploads\/2015\/01\/Seite_STB-1024x768.jpg\" alt=\"Seite_STB\" width=\"625\" height=\"469\" srcset=\"https:\/\/sy-mora.de\/wp-content\/uploads\/2015\/01\/Seite_STB-1024x768.jpg 1024w, https:\/\/sy-mora.de\/wp-content\/uploads\/2015\/01\/Seite_STB-300x225.jpg 300w, https:\/\/sy-mora.de\/wp-content\/uploads\/2015\/01\/Seite_STB-624x468.jpg 624w\" sizes=\"auto, (max-width: 625px) 100vw, 625px\" \/><\/p>\n<table width=\"431\">\n<tbody>\n<tr>\n<td colspan=\"2\" width=\"431\">Hallberg Rassy MK1<\/td>\n<\/tr>\n<tr>\n<td width=\"215\">Designer<\/td>\n<td width=\"216\">Germ\u00e1n Frers<\/td>\n<\/tr>\n<tr>\n<td width=\"215\">Baujahr<\/td>\n<td width=\"216\">1993<\/td>\n<\/tr>\n<tr>\n<td width=\"215\">Nummer<\/td>\n<td width=\"216\">214<\/td>\n<\/tr>\n<tr>\n<td width=\"215\">L\u00e4nge \u00fcber Alles<\/td>\n<td width=\"216\">10.87 m<\/td>\n<\/tr>\n<tr>\n<td width=\"215\">L\u00e4nge Wasserlinie<\/td>\n<td width=\"216\">9.35 m<\/td>\n<\/tr>\n<tr>\n<td width=\"215\">Breite<\/td>\n<td width=\"216\">3.55 m<\/td>\n<\/tr>\n<tr>\n<td width=\"215\">Tiefgang<\/td>\n<td width=\"216\">1.70 m<\/td>\n<\/tr>\n<tr>\n<td width=\"215\">Durchfahrtsh\u00f6he<\/td>\n<td width=\"216\">15,50 m<\/td>\n<\/tr>\n<tr>\n<td width=\"215\">Verdr\u00e4ngung<\/td>\n<td width=\"216\">7 500 kg<\/td>\n<\/tr>\n<tr>\n<td width=\"215\">Ballast<\/td>\n<td width=\"216\">3 400 kg<\/td>\n<\/tr>\n<tr>\n<td width=\"215\">Segelfl\u00e4che<\/td>\n<td width=\"216\">70.2 m\u00b2<\/td>\n<\/tr>\n<tr>\n<td width=\"215\">Motor<\/td>\n<td width=\"216\">Volvo Penta MD 22 P<\/td>\n<\/tr>\n<tr>\n<td width=\"215\">Zylinder<\/td>\n<td width=\"216\">4<\/td>\n<\/tr>\n<tr>\n<td width=\"215\">kW \/ PS<\/td>\n<td width=\"216\">42 \/ 57<\/td>\n<\/tr>\n<tr>\n<td width=\"215\">Diesel<\/td>\n<td width=\"216\">345 Liter<\/td>\n<\/tr>\n<tr>\n<td width=\"215\">Wasser<\/td>\n<td width=\"216\">355 Liter<\/td>\n<\/tr>\n<tr>\n<td width=\"215\">Rufzeichen<\/td>\n<td width=\"216\">\u00a0DG3221<\/td>\n<\/tr>\n<tr>\n<td width=\"215\">MMSI<\/td>\n<td width=\"216\">\u00a0211615060<\/td>\n<\/tr>\n<\/tbody>\n<\/table>\n<div id=\"attachment_157\" style=\"width: 635px\" class=\"wp-caption aligncenter\"><img loading=\"lazy\" decoding=\"async\" aria-describedby=\"caption-attachment-157\" class=\"size-large wp-image-157\" src=\"https:\/\/sy-mora.de\/wp-content\/uploads\/2015\/01\/Vorschiff-1024x768.jpg\" alt=\"Vorschiff\" width=\"625\" height=\"469\" srcset=\"https:\/\/sy-mora.de\/wp-content\/uploads\/2015\/01\/Vorschiff-1024x768.jpg 1024w, https:\/\/sy-mora.de\/wp-content\/uploads\/2015\/01\/Vorschiff-300x225.jpg 300w, https:\/\/sy-mora.de\/wp-content\/uploads\/2015\/01\/Vorschiff-624x468.jpg 624w\" sizes=\"auto, (max-width: 625px) 100vw, 625px\" \/><p id=\"caption-attachment-157\" class=\"wp-caption-text\">Vorschiff<\/p><\/div>\n<div id=\"attachment_158\" style=\"width: 635px\" class=\"wp-caption aligncenter\"><img loading=\"lazy\" decoding=\"async\" aria-describedby=\"caption-attachment-158\" class=\"size-large wp-image-158\" src=\"https:\/\/sy-mora.de\/wp-content\/uploads\/2015\/01\/Schrank-Vorschiff-1024x768.jpg\" alt=\"Schrank Vorschiff\" width=\"625\" height=\"469\" srcset=\"https:\/\/sy-mora.de\/wp-content\/uploads\/2015\/01\/Schrank-Vorschiff-1024x768.jpg 1024w, https:\/\/sy-mora.de\/wp-content\/uploads\/2015\/01\/Schrank-Vorschiff-300x225.jpg 300w, https:\/\/sy-mora.de\/wp-content\/uploads\/2015\/01\/Schrank-Vorschiff-624x468.jpg 624w\" sizes=\"auto, (max-width: 625px) 100vw, 625px\" \/><p id=\"caption-attachment-158\" class=\"wp-caption-text\">Schrank Vorschiff<\/p><\/div>\n<div id=\"attachment_159\" style=\"width: 635px\" class=\"wp-caption aligncenter\"><img loading=\"lazy\" decoding=\"async\" aria-describedby=\"caption-attachment-159\" class=\"size-large wp-image-159\" src=\"https:\/\/sy-mora.de\/wp-content\/uploads\/2015\/01\/Salon-STB-1024x768.jpg\" alt=\"Salon STB\" width=\"625\" height=\"469\" srcset=\"https:\/\/sy-mora.de\/wp-content\/uploads\/2015\/01\/Salon-STB-1024x768.jpg 1024w, https:\/\/sy-mora.de\/wp-content\/uploads\/2015\/01\/Salon-STB-300x225.jpg 300w, https:\/\/sy-mora.de\/wp-content\/uploads\/2015\/01\/Salon-STB-624x468.jpg 624w\" sizes=\"auto, (max-width: 625px) 100vw, 625px\" \/><p id=\"caption-attachment-159\" class=\"wp-caption-text\">Salon STB<\/p><\/div>\n<div id=\"attachment_160\" style=\"width: 635px\" class=\"wp-caption aligncenter\"><img loading=\"lazy\" decoding=\"async\" aria-describedby=\"caption-attachment-160\" class=\"size-large wp-image-160\" src=\"https:\/\/sy-mora.de\/wp-content\/uploads\/2015\/01\/Salon-BB-1024x768.jpg\" alt=\"Salon BB\" width=\"625\" height=\"469\" srcset=\"https:\/\/sy-mora.de\/wp-content\/uploads\/2015\/01\/Salon-BB-1024x768.jpg 1024w, https:\/\/sy-mora.de\/wp-content\/uploads\/2015\/01\/Salon-BB-300x225.jpg 300w, https:\/\/sy-mora.de\/wp-content\/uploads\/2015\/01\/Salon-BB-624x468.jpg 624w\" sizes=\"auto, (max-width: 625px) 100vw, 625px\" \/><p id=\"caption-attachment-160\" class=\"wp-caption-text\">Salon BB<\/p><\/div>\n<div id=\"attachment_171\" style=\"width: 635px\" class=\"wp-caption aligncenter\"><img loading=\"lazy\" decoding=\"async\" aria-describedby=\"caption-attachment-171\" class=\"size-large wp-image-171\" src=\"https:\/\/sy-mora.de\/wp-content\/uploads\/2015\/01\/Pantry1-1024x768.jpg\" alt=\"Pantry\" width=\"625\" height=\"469\" srcset=\"https:\/\/sy-mora.de\/wp-content\/uploads\/2015\/01\/Pantry1-1024x768.jpg 1024w, https:\/\/sy-mora.de\/wp-content\/uploads\/2015\/01\/Pantry1-300x225.jpg 300w, https:\/\/sy-mora.de\/wp-content\/uploads\/2015\/01\/Pantry1-624x468.jpg 624w\" sizes=\"auto, (max-width: 625px) 100vw, 625px\" \/><p id=\"caption-attachment-171\" class=\"wp-caption-text\">Pantry<\/p><\/div>\n<div id=\"attachment_161\" style=\"width: 635px\" class=\"wp-caption aligncenter\"><img loading=\"lazy\" decoding=\"async\" aria-describedby=\"caption-attachment-161\" class=\"size-large wp-image-161\" src=\"https:\/\/sy-mora.de\/wp-content\/uploads\/2015\/01\/Plotter-und-Funk-1024x768.jpg\" alt=\"Plotter und Funk\" width=\"625\" height=\"469\" srcset=\"https:\/\/sy-mora.de\/wp-content\/uploads\/2015\/01\/Plotter-und-Funk-1024x768.jpg 1024w, https:\/\/sy-mora.de\/wp-content\/uploads\/2015\/01\/Plotter-und-Funk-300x225.jpg 300w, https:\/\/sy-mora.de\/wp-content\/uploads\/2015\/01\/Plotter-und-Funk-624x468.jpg 624w\" sizes=\"auto, (max-width: 625px) 100vw, 625px\" \/><p id=\"caption-attachment-161\" class=\"wp-caption-text\">Plotter und Funk<\/p><\/div>\n<div id=\"attachment_163\" style=\"width: 635px\" class=\"wp-caption aligncenter\"><img loading=\"lazy\" decoding=\"async\" aria-describedby=\"caption-attachment-163\" class=\"size-large wp-image-163\" src=\"https:\/\/sy-mora.de\/wp-content\/uploads\/2015\/01\/Klo-768x1024.jpg\" alt=\"Klo\" width=\"625\" height=\"833\" srcset=\"https:\/\/sy-mora.de\/wp-content\/uploads\/2015\/01\/Klo-768x1024.jpg 768w, https:\/\/sy-mora.de\/wp-content\/uploads\/2015\/01\/Klo-225x300.jpg 225w, https:\/\/sy-mora.de\/wp-content\/uploads\/2015\/01\/Klo-624x832.jpg 624w\" sizes=\"auto, (max-width: 625px) 100vw, 625px\" \/><p id=\"caption-attachment-163\" class=\"wp-caption-text\">Klo<\/p><\/div>\n<div id=\"attachment_164\" style=\"width: 635px\" class=\"wp-caption aligncenter\"><img loading=\"lazy\" decoding=\"async\" aria-describedby=\"caption-attachment-164\" class=\"size-large wp-image-164\" src=\"https:\/\/sy-mora.de\/wp-content\/uploads\/2015\/01\/Bad-1024x768.jpg\" alt=\"Bad\" width=\"625\" height=\"469\" srcset=\"https:\/\/sy-mora.de\/wp-content\/uploads\/2015\/01\/Bad-1024x768.jpg 1024w, https:\/\/sy-mora.de\/wp-content\/uploads\/2015\/01\/Bad-300x225.jpg 300w, https:\/\/sy-mora.de\/wp-content\/uploads\/2015\/01\/Bad-624x468.jpg 624w\" sizes=\"auto, (max-width: 625px) 100vw, 625px\" \/><p id=\"caption-attachment-164\" class=\"wp-caption-text\">Bad<\/p><\/div>\n<div id=\"attachment_165\" style=\"width: 635px\" class=\"wp-caption aligncenter\"><img loading=\"lazy\" decoding=\"async\" aria-describedby=\"caption-attachment-165\" class=\"size-large wp-image-165\" src=\"https:\/\/sy-mora.de\/wp-content\/uploads\/2015\/01\/Achterkabine-Durchgang-1024x768.jpg\" alt=\"Achterkabine Durchgang\" width=\"625\" height=\"469\" srcset=\"https:\/\/sy-mora.de\/wp-content\/uploads\/2015\/01\/Achterkabine-Durchgang-1024x768.jpg 1024w, https:\/\/sy-mora.de\/wp-content\/uploads\/2015\/01\/Achterkabine-Durchgang-300x225.jpg 300w, https:\/\/sy-mora.de\/wp-content\/uploads\/2015\/01\/Achterkabine-Durchgang-624x468.jpg 624w\" sizes=\"auto, (max-width: 625px) 100vw, 625px\" \/><p id=\"caption-attachment-165\" class=\"wp-caption-text\">Achterkabine Durchgang<\/p><\/div>\n<div id=\"attachment_166\" style=\"width: 635px\" class=\"wp-caption aligncenter\"><img loading=\"lazy\" decoding=\"async\" aria-describedby=\"caption-attachment-166\" class=\"size-large wp-image-166\" src=\"https:\/\/sy-mora.de\/wp-content\/uploads\/2015\/01\/Achterkabine-1024x768.jpg\" alt=\"Achterkabine\" width=\"625\" height=\"469\" srcset=\"https:\/\/sy-mora.de\/wp-content\/uploads\/2015\/01\/Achterkabine-1024x768.jpg 1024w, https:\/\/sy-mora.de\/wp-content\/uploads\/2015\/01\/Achterkabine-300x225.jpg 300w, https:\/\/sy-mora.de\/wp-content\/uploads\/2015\/01\/Achterkabine-624x468.jpg 624w\" sizes=\"auto, (max-width: 625px) 100vw, 625px\" \/><p id=\"caption-attachment-166\" class=\"wp-caption-text\">Achterkabine<\/p><\/div>\n","protected":false},"excerpt":{"rendered":"<p>Hallberg Rassy MK1 Designer Germ\u00e1n Frers Baujahr 1993 Nummer 214 L\u00e4nge \u00fcber Alles 10.87 m L\u00e4nge Wasserlinie 9.35 m Breite 3.55 m Tiefgang 1.70 m Durchfahrtsh\u00f6he 15,50 m Verdr\u00e4ngung 7 500 kg Ballast 3 400 kg Segelfl\u00e4che 70.2 m\u00b2 Motor Volvo Penta MD 22 P Zylinder 4 kW \/ PS 42 \/ 57 Diesel 345 [&hellip;]<\/p>\n","protected":false},"author":1,"featured_media":0,"parent":0,"menu_order":0,"comment_status":"closed","ping_status":"closed","template":"page-templates\/full-width.php","meta":{"footnotes":""},"class_list":["post-14","page","type-page","status-publish","hentry"],"_links":{"self":[{"href":"https:\/\/sy-mora.de\/index.php?rest_route=\/wp\/v2\/pages\/14","targetHints":{"allow":["GET"]}}],"collection":[{"href":"https:\/\/sy-mora.de\/index.php?rest_route=\/wp\/v2\/pages"}],"about":[{"href":"https:\/\/sy-mora.de\/index.php?rest_route=\/wp\/v2\/types\/page"}],"author":[{"embeddable":true,"href":"https:\/\/sy-mora.de\/index.php?rest_route=\/wp\/v2\/users\/1"}],"replies":[{"embeddable":true,"href":"https:\/\/sy-mora.de\/index.php?rest_route=%2Fwp%2Fv2%2Fcomments&post=14"}],"version-history":[{"count":12,"href":"https:\/\/sy-mora.de\/index.php?rest_route=\/wp\/v2\/pages\/14\/revisions"}],"predecessor-version":[{"id":172,"href":"https:\/\/sy-mora.de\/index.php?rest_route=\/wp\/v2\/pages\/14\/revisions\/172"}],"wp:attachment":[{"href":"https:\/\/sy-mora.de\/index.php?rest_route=%2Fwp%2Fv2%2Fmedia&parent=14"}],"curies":[{"name":"wp","href":"https:\/\/api.w.org\/{rel}","templated":true}]}}