{"id":2,"date":"2014-12-31T16:12:17","date_gmt":"2014-12-31T15:12:17","guid":{"rendered":"http:\/\/sy-mora.de\/?page_id=2"},"modified":"2019-08-01T16:35:49","modified_gmt":"2019-08-01T15:35:49","slug":"crew","status":"publish","type":"page","link":"https:\/\/sy-mora.de\/?page_id=2","title":{"rendered":"Crew"},"content":{"rendered":"<p><img loading=\"lazy\" decoding=\"async\" class=\"alignnone size-large wp-image-105\" src=\"https:\/\/sy-mora.de\/wp-content\/uploads\/2014\/12\/Fehmarn-auf-der-Mora-008-1024x768.jpg\" alt=\"Fehmarn auf der Mora 008\" width=\"625\" height=\"469\" srcset=\"https:\/\/sy-mora.de\/wp-content\/uploads\/2014\/12\/Fehmarn-auf-der-Mora-008-1024x768.jpg 1024w, https:\/\/sy-mora.de\/wp-content\/uploads\/2014\/12\/Fehmarn-auf-der-Mora-008-300x225.jpg 300w, https:\/\/sy-mora.de\/wp-content\/uploads\/2014\/12\/Fehmarn-auf-der-Mora-008-624x468.jpg 624w, https:\/\/sy-mora.de\/wp-content\/uploads\/2014\/12\/Fehmarn-auf-der-Mora-008.jpg 1984w\" sizes=\"auto, (max-width: 625px) 100vw, 625px\" \/><\/p>\n<p><img loading=\"lazy\" decoding=\"async\" class=\"alignleft size-medium wp-image-192\" src=\"https:\/\/sy-mora.de\/wp-content\/uploads\/2014\/12\/Moni1-225x300.jpg\" alt=\"Moni1\" width=\"225\" height=\"300\" srcset=\"https:\/\/sy-mora.de\/wp-content\/uploads\/2014\/12\/Moni1-225x300.jpg 225w, https:\/\/sy-mora.de\/wp-content\/uploads\/2014\/12\/Moni1-768x1024.jpg 768w, https:\/\/sy-mora.de\/wp-content\/uploads\/2014\/12\/Moni1-624x832.jpg 624w, https:\/\/sy-mora.de\/wp-content\/uploads\/2014\/12\/Moni1.jpg 1944w\" sizes=\"auto, (max-width: 225px) 100vw, 225px\" \/>\u00a0Monika<\/p>\n<p><img loading=\"lazy\" decoding=\"async\" class=\"alignright size-medium wp-image-198\" src=\"https:\/\/sy-mora.de\/wp-content\/uploads\/2014\/12\/Moni-225x300.jpg\" alt=\"Moni\" width=\"225\" height=\"300\" srcset=\"https:\/\/sy-mora.de\/wp-content\/uploads\/2014\/12\/Moni-225x300.jpg 225w, https:\/\/sy-mora.de\/wp-content\/uploads\/2014\/12\/Moni-768x1024.jpg 768w, https:\/\/sy-mora.de\/wp-content\/uploads\/2014\/12\/Moni-624x832.jpg 624w, https:\/\/sy-mora.de\/wp-content\/uploads\/2014\/12\/Moni.jpg 1944w\" sizes=\"auto, (max-width: 225px) 100vw, 225px\" \/>Zum Segeln bin ich durch Zufall mit Anfang 30 gekommen. Mein Bruder suchte noch Mitsegler. Nach einem ersten T\u00f6rn durch die Inselwelt Griechenlands war ich sofort vom Segelvirus befallen. Von da an habe ich meinen Bruder auf vielen T\u00f6rns als Crew Mitglied begleitet. Danach begann ich im Jahr 2005 im Segelclub Solingen mit der Ausbildung f\u00fcr den SBF Binnen, habe im Fr\u00fchjahr 2006 die Pr\u00fcfung bestanden und im Sommer 2007 den SKS erworben. Im gleichem Segelclub habe ich auch meinen zuk\u00fcnftigen Mann kennengelernt. Nachdem er mich auf diversen Regatten getestet hat wurde ich als segeltauglich anerkannt. Es folgten viele gemeinsame Urlaubst\u00f6rns im Mittelmeer und in der Ostsee. Ab dem Jahr 2010 reifte bei uns der Gedanke ein eigenes Boot zu erwerben. Was f\u00fcr viele erst einmal nur ein Hirngespinst war, entwickelte sich f\u00fcr uns zu einem Masterplan.\u00a0Im Februar 2013 hat uns, nach langer Suche, unsere mora gefunden. Ein Schiff will nicht gekauft werden: ein Schiff findet seine Besitzer!<\/p>\n<p><img loading=\"lazy\" decoding=\"async\" class=\"alignleft wp-image-189 size-medium\" src=\"https:\/\/sy-mora.de\/wp-content\/uploads\/2014\/12\/Ralph2-225x300.jpg\" alt=\"Ralph2\" width=\"225\" height=\"300\" srcset=\"https:\/\/sy-mora.de\/wp-content\/uploads\/2014\/12\/Ralph2-225x300.jpg 225w, https:\/\/sy-mora.de\/wp-content\/uploads\/2014\/12\/Ralph2-768x1024.jpg 768w, https:\/\/sy-mora.de\/wp-content\/uploads\/2014\/12\/Ralph2-624x832.jpg 624w, https:\/\/sy-mora.de\/wp-content\/uploads\/2014\/12\/Ralph2.jpg 1944w\" sizes=\"auto, (max-width: 225px) 100vw, 225px\" \/><img loading=\"lazy\" decoding=\"async\" class=\" size-medium wp-image-193 alignnone\" src=\"https:\/\/sy-mora.de\/wp-content\/uploads\/2014\/12\/Ralph3-300x225.jpg\" alt=\"Ralph1\" width=\"300\" height=\"225\" srcset=\"https:\/\/sy-mora.de\/wp-content\/uploads\/2014\/12\/Ralph3-300x225.jpg 300w, https:\/\/sy-mora.de\/wp-content\/uploads\/2014\/12\/Ralph3-1024x768.jpg 1024w, https:\/\/sy-mora.de\/wp-content\/uploads\/2014\/12\/Ralph3-624x468.jpg 624w\" sizes=\"auto, (max-width: 300px) 100vw, 300px\" \/><\/p>\n<p>Ralph<\/p>\n<p>Mein erstes Mal Segeln war auf dem Plattensee in Ungarn. Wir waren mit Freunden f\u00fcr ein langes Wochenende nach Ungarn gefahren und haben uns eine kleine Jolle ausgeliehen. Ich war anfangs nur Gast aber das f\u00fcllte mich in keiner Weise aus und so habe ich beherzt zur Pinne gegriffen. Nach einer sofort eingeleiteten Patenthalse war mir klar dass es bei meinen Segelk\u00fcnsten noch Platz nach oben gibt. Im Jahr 1992 begann ich mit dem A Schein und sp\u00e4ter folgten dann noch BR, Pyro, Funk und Kat Schein. Im Anschluss an alle die Theorie folgte jede Menge Praxis in Form von Jollen Regatten sowie viele Urlaubst\u00f6rns in Nord- und Ostsee &amp; im Mittelmeer. Ganz besonders in Erinnerung habe ich noch heute die Teilnahme an der Antigua Sailing Week im Jahr 2000 sowie all die Stunden bei insgesamt 14 Teilnahmen an der Regatta\u00a0Rund Bornholm im Rahmen der Warnem\u00fcnder Woche.\u00a0Es ist eine Mischung aus Neugierde, Tatendrang, Mut zur Ver\u00e4nderung und der ganz gro\u00dfe Wunsch die Welt auf eigenem Kiel zu erkunden.<\/p>\n","protected":false},"excerpt":{"rendered":"<p>\u00a0Monika Zum Segeln bin ich durch Zufall mit Anfang 30 gekommen. Mein Bruder suchte noch Mitsegler. Nach einem ersten T\u00f6rn durch die Inselwelt Griechenlands war ich sofort vom Segelvirus befallen. Von da an habe ich meinen Bruder auf vielen T\u00f6rns als Crew Mitglied begleitet. Danach begann ich im Jahr 2005 im Segelclub Solingen mit der [&hellip;]<\/p>\n","protected":false},"author":1,"featured_media":0,"parent":0,"menu_order":0,"comment_status":"closed","ping_status":"closed","template":"page-templates\/full-width.php","meta":{"footnotes":""},"class_list":["post-2","page","type-page","status-publish","hentry"],"_links":{"self":[{"href":"https:\/\/sy-mora.de\/index.php?rest_route=\/wp\/v2\/pages\/2","targetHints":{"allow":["GET"]}}],"collection":[{"href":"https:\/\/sy-mora.de\/index.php?rest_route=\/wp\/v2\/pages"}],"about":[{"href":"https:\/\/sy-mora.de\/index.php?rest_route=\/wp\/v2\/types\/page"}],"author":[{"embeddable":true,"href":"https:\/\/sy-mora.de\/index.php?rest_route=\/wp\/v2\/users\/1"}],"replies":[{"embeddable":true,"href":"https:\/\/sy-mora.de\/index.php?rest_route=%2Fwp%2Fv2%2Fcomments&post=2"}],"version-history":[{"count":20,"href":"https:\/\/sy-mora.de\/index.php?rest_route=\/wp\/v2\/pages\/2\/revisions"}],"predecessor-version":[{"id":4031,"href":"https:\/\/sy-mora.de\/index.php?rest_route=\/wp\/v2\/pages\/2\/revisions\/4031"}],"wp:attachment":[{"href":"https:\/\/sy-mora.de\/index.php?rest_route=%2Fwp%2Fv2%2Fmedia&parent=2"}],"curies":[{"name":"wp","href":"https:\/\/api.w.org\/{rel}","templated":true}]}}